{"id":2,"date":"2012-09-19T20:14:06","date_gmt":"2012-09-19T20:14:06","guid":{"rendered":"http:\/\/test.d2se.org\/wordpress\/?page_id=2"},"modified":"2018-05-31T08:46:40","modified_gmt":"2018-05-31T07:46:40","slug":"dr-mairer-nicole","status":"publish","type":"page","link":"https:\/\/dieordination.com\/?page_id=2","title":{"rendered":"Impressum"},"content":{"rendered":"<p><a href=\"http:\/\/dieordination.com\/wp-content\/uploads\/Bild.jpg\"><img loading=\"lazy\" decoding=\"async\" src=\"http:\/\/dieordination.com\/wp-content\/uploads\/Bild-200x300.jpg\" alt=\"Bild\" width=\"200\" height=\"300\" class=\"alignright size-medium wp-image-142\" srcset=\"https:\/\/dieordination.com\/wp-content\/uploads\/Bild-200x300.jpg 200w, https:\/\/dieordination.com\/wp-content\/uploads\/Bild.jpg 384w\" sizes=\"auto, (max-width: 200px) 100vw, 200px\" \/><\/a><br \/>\nInformation gem\u00e4\u00df \u00a7 5 E-Commerce-Gesetz<br \/>\nund Offenlegung gem\u00e4\u00df \u00a7 25 Mediengesetz:<\/p>\n<p>Diensteanbieter und Medieninhaber:<br \/>\nDr. med. univ. Nicole Mairer<\/p>\n<p>Adresse:<br \/>\nWaldheimstra\u00dfe 19<br \/>\n9523 Landskron<br \/>\nAustria<\/p>\n<p>T: 0650 3340662<br \/>\nF: 0720 316058<br \/>\nM: office@dieordination.com<\/p>\n<p>Mitglied der \u00c4rztekammer f\u00fcr K\u00e4rnten<br \/>\nBerufsbezeichnung: \u00c4rztin f\u00fcr Allgemeinmedizin (verliehen in \u00d6sterreich)<br \/>\nT\u00e4tigkeit unterliegt dem \u00c4rztegesetz 1998 (siehe www.ris.bka.gv.at\/bundesrecht)<\/p>\n","protected":false},"excerpt":{"rendered":"<p>Information gem\u00e4\u00df \u00a7 5 E-Commerce-Gesetz und Offenlegung gem\u00e4\u00df \u00a7 25 Mediengesetz: Diensteanbieter und Medieninhaber: Dr. med. univ. Nicole Mairer Adresse: Waldheimstra\u00dfe 19 9523 Landskron Austria T: 0650 3340662 F: 0720 316058 M: office@dieordination.com Mitglied der \u00c4rztekammer f\u00fcr K\u00e4rnten Berufsbezeichnung: \u00c4rztin &hellip; <a href=\"https:\/\/dieordination.com\/?page_id=2\">Weiterlesen <span class=\"meta-nav\">&rarr;<\/span><\/a><\/p>\n","protected":false},"author":1,"featured_media":0,"parent":0,"menu_order":6,"comment_status":"closed","ping_status":"closed","template":"","meta":{"footnotes":""},"class_list":["post-2","page","type-page","status-publish","hentry"],"_links":{"self":[{"href":"https:\/\/dieordination.com\/index.php?rest_route=\/wp\/v2\/pages\/2","targetHints":{"allow":["GET"]}}],"collection":[{"href":"https:\/\/dieordination.com\/index.php?rest_route=\/wp\/v2\/pages"}],"about":[{"href":"https:\/\/dieordination.com\/index.php?rest_route=\/wp\/v2\/types\/page"}],"author":[{"embeddable":true,"href":"https:\/\/dieordination.com\/index.php?rest_route=\/wp\/v2\/users\/1"}],"replies":[{"embeddable":true,"href":"https:\/\/dieordination.com\/index.php?rest_route=%2Fwp%2Fv2%2Fcomments&post=2"}],"version-history":[{"count":24,"href":"https:\/\/dieordination.com\/index.php?rest_route=\/wp\/v2\/pages\/2\/revisions"}],"predecessor-version":[{"id":204,"href":"https:\/\/dieordination.com\/index.php?rest_route=\/wp\/v2\/pages\/2\/revisions\/204"}],"wp:attachment":[{"href":"https:\/\/dieordination.com\/index.php?rest_route=%2Fwp%2Fv2%2Fmedia&parent=2"}],"curies":[{"name":"wp","href":"https:\/\/api.w.org\/{rel}","templated":true}]}}