{"id":127,"date":"2014-02-12T17:35:45","date_gmt":"2014-02-12T16:35:45","guid":{"rendered":"http:\/\/dieordination.com\/?page_id=127"},"modified":"2023-11-01T10:56:57","modified_gmt":"2023-11-01T09:56:57","slug":"leistungen","status":"publish","type":"page","link":"https:\/\/dieordination.com\/","title":{"rendered":"Leistungen"},"content":{"rendered":"<ul>\n<li>F\u00fchrerscheinuntersuchung (Sachverst\u00e4ndige gem\u00e4\u00df \u00a734 F\u00fchrerscheingesetz)<\/li>\n<li>Angiologische Basisdiagnostik \/ Besenreiserver\u00f6dung<\/li>\n<li>Vorsorgeuntersuchung<\/li>\n<li>Raucherentw\u00f6hnung<\/li>\n<li>Alkoholikerberatung<\/li>\n<li>Spezielle Schmerztherapie<\/li>\n<li>Energy Taping<\/li>\n<\/ul>\n<p>Fortbildungsdiplom der \u00d6sterreichischen \u00c4rztekammer g\u00fcltig bis 11.4.2028<\/p>\n<p>Fremdsprache: Englisch<\/p>\n","protected":false},"excerpt":{"rendered":"<p>F\u00fchrerscheinuntersuchung (Sachverst\u00e4ndige gem\u00e4\u00df \u00a734 F\u00fchrerscheingesetz) Angiologische Basisdiagnostik \/ Besenreiserver\u00f6dung Vorsorgeuntersuchung Raucherentw\u00f6hnung Alkoholikerberatung Spezielle Schmerztherapie Energy Taping Fortbildungsdiplom der \u00d6sterreichischen \u00c4rztekammer g\u00fcltig bis 11.4.2028 Fremdsprache: Englisch<\/p>\n","protected":false},"author":1,"featured_media":0,"parent":0,"menu_order":1,"comment_status":"closed","ping_status":"closed","template":"","meta":{"footnotes":""},"class_list":["post-127","page","type-page","status-publish","hentry"],"_links":{"self":[{"href":"https:\/\/dieordination.com\/index.php?rest_route=\/wp\/v2\/pages\/127","targetHints":{"allow":["GET"]}}],"collection":[{"href":"https:\/\/dieordination.com\/index.php?rest_route=\/wp\/v2\/pages"}],"about":[{"href":"https:\/\/dieordination.com\/index.php?rest_route=\/wp\/v2\/types\/page"}],"author":[{"embeddable":true,"href":"https:\/\/dieordination.com\/index.php?rest_route=\/wp\/v2\/users\/1"}],"replies":[{"embeddable":true,"href":"https:\/\/dieordination.com\/index.php?rest_route=%2Fwp%2Fv2%2Fcomments&post=127"}],"version-history":[{"count":13,"href":"https:\/\/dieordination.com\/index.php?rest_route=\/wp\/v2\/pages\/127\/revisions"}],"predecessor-version":[{"id":247,"href":"https:\/\/dieordination.com\/index.php?rest_route=\/wp\/v2\/pages\/127\/revisions\/247"}],"wp:attachment":[{"href":"https:\/\/dieordination.com\/index.php?rest_route=%2Fwp%2Fv2%2Fmedia&parent=127"}],"curies":[{"name":"wp","href":"https:\/\/api.w.org\/{rel}","templated":true}]}}