{"id":117,"date":"2014-02-12T17:03:01","date_gmt":"2014-02-12T17:03:01","guid":{"rendered":"http:\/\/dieordination.com\/?page_id=117"},"modified":"2014-02-12T19:58:02","modified_gmt":"2014-02-12T19:58:02","slug":"vertretung","status":"publish","type":"page","link":"https:\/\/dieordination.com\/?page_id=117","title":{"rendered":"Vertretung"},"content":{"rendered":"<p>\u00c4rzte im Sprengel:<\/p>\n<p>Dr. Huber Brigitte (Telefon 04242 22446)<\/p>\n<p>In dringenden F\u00e4llen wenden Sie sich bitte an den \u00c4rztenotdienst (Telefon 141) oder die Notfallambulanz.<\/p>\n","protected":false},"excerpt":{"rendered":"<p>\u00c4rzte im Sprengel: Dr. Huber Brigitte (Telefon 04242 22446) In dringenden F\u00e4llen wenden Sie sich bitte an den \u00c4rztenotdienst (Telefon 141) oder die Notfallambulanz.<\/p>\n","protected":false},"author":1,"featured_media":0,"parent":0,"menu_order":5,"comment_status":"closed","ping_status":"closed","template":"","meta":{"footnotes":""},"class_list":["post-117","page","type-page","status-publish","hentry"],"_links":{"self":[{"href":"https:\/\/dieordination.com\/index.php?rest_route=\/wp\/v2\/pages\/117","targetHints":{"allow":["GET"]}}],"collection":[{"href":"https:\/\/dieordination.com\/index.php?rest_route=\/wp\/v2\/pages"}],"about":[{"href":"https:\/\/dieordination.com\/index.php?rest_route=\/wp\/v2\/types\/page"}],"author":[{"embeddable":true,"href":"https:\/\/dieordination.com\/index.php?rest_route=\/wp\/v2\/users\/1"}],"replies":[{"embeddable":true,"href":"https:\/\/dieordination.com\/index.php?rest_route=%2Fwp%2Fv2%2Fcomments&post=117"}],"version-history":[{"count":3,"href":"https:\/\/dieordination.com\/index.php?rest_route=\/wp\/v2\/pages\/117\/revisions"}],"predecessor-version":[{"id":134,"href":"https:\/\/dieordination.com\/index.php?rest_route=\/wp\/v2\/pages\/117\/revisions\/134"}],"wp:attachment":[{"href":"https:\/\/dieordination.com\/index.php?rest_route=%2Fwp%2Fv2%2Fmedia&parent=117"}],"curies":[{"name":"wp","href":"https:\/\/api.w.org\/{rel}","templated":true}]}}